{"id":57,"date":"2021-10-31T21:06:09","date_gmt":"2021-10-31T20:06:09","guid":{"rendered":"https:\/\/associationlamancha.fr\/?page_id=57"},"modified":"2025-01-10T00:14:54","modified_gmt":"2025-01-09T23:14:54","slug":"actions-culturelles","status":"publish","type":"page","link":"https:\/\/associationlamancha.fr\/index.php\/actions-culturelles\/","title":{"rendered":"Actions culturelles"},"content":{"rendered":"<p>[et_pb_section fb_built=\u00a0\u00bb1&Prime; admin_label=\u00a0\u00bbsection\u00a0\u00bb _builder_version=\u00a0\u00bb4.16&Prime; min_height=\u00a0\u00bb477.3px\u00a0\u00bb global_colors_info=\u00a0\u00bb{}\u00a0\u00bb][et_pb_row column_structure=\u00a0\u00bb1_2,1_2&Prime; admin_label=\u00a0\u00bbrow\u00a0\u00bb _builder_version=\u00a0\u00bb4.17.3&Prime; background_size=\u00a0\u00bbinitial\u00a0\u00bb background_position=\u00a0\u00bbtop_left\u00a0\u00bb background_repeat=\u00a0\u00bbrepeat\u00a0\u00bb width=\u00a0\u00bb91%\u00a0\u00bb custom_margin=\u00a0\u00bb|auto|-65px|auto||\u00a0\u00bb custom_padding=\u00a0\u00bb||||false|false\u00a0\u00bb border_width_all=\u00a0\u00bb3px\u00a0\u00bb border_color_all=\u00a0\u00bb#000000&Prime; global_colors_info=\u00a0\u00bb{}\u00a0\u00bb][et_pb_column type=\u00a0\u00bb1_2&Prime; _builder_version=\u00a0\u00bb4.16&Prime; custom_padding=\u00a0\u00bb|||\u00a0\u00bb global_colors_info=\u00a0\u00bb{}\u00a0\u00bb custom_padding__hover=\u00a0\u00bb|||\u00a0\u00bb][et_pb_text _builder_version=\u00a0\u00bb4.17.3&Prime; _module_preset=\u00a0\u00bbdefault\u00a0\u00bb custom_padding=\u00a0\u00bb90px|||20px|false|false\u00a0\u00bb global_colors_info=\u00a0\u00bb{}\u00a0\u00bb]<\/p>\n<h5 style=\"text-align: right;\">Voil\u00e0, venez nombreux avec vos enfants<\/h5>\n<h5 style=\"text-align: right;\">pour les <strong>CONTES D&rsquo;ESPAGNE ET D&rsquo;AMERIQUE<\/strong><\/h5>\n<h5 style=\"text-align: right;\">avec le <strong>conteur Gilles Groult<\/strong>, membre Mancha<\/h5>\n<h5 style=\"text-align: right;\">\u00e0 la <strong>Biblioth\u00e8que Boris Vian<\/strong> \u00e0 Tourlaville (370 r\u00e9sidence des Colverts)<\/h5>\n<p>&nbsp;<\/p>\n<p>&nbsp;<\/p>\n<h5 style=\"text-align: right;\"><em>Il est conseill\u00e9 de r\u00e9server au : <a data-dtype=\"d3ph\" data-local-attribute=\"d3ph\" jscontroller=\"LWZElb\" href=\"https:\/\/www.google.com\/search?q=biblioth%C3%A8que+boris+vian+tourlaville&amp;rlz=1CAVARX_enFR1083&amp;oq=biblioth%C3%A8que+boris+vian+tou&amp;gs_lcrp=EgZjaHJvbWUqCggAEAAY4wIYgAQyCggAEAAY4wIYgAQyEAgBEC4YrwEYxwEYgAQYjgUyBggCEEUYOagCALACAA&amp;sourceid=chrome&amp;ie=UTF-8#\" jsdata=\"QKGTRc;_;CBTaz8\" jsaction=\"rcuQ6b:npT2md;F75qrd\" data-ved=\"2ahUKEwjmov7vgZGFAxU2RaQEHXGOC4YQkAgoAHoECDYQAg\"><span aria-label=\"Appeler le 02 33 54 37 15\">02 33 54 37 15<\/span><\/a><\/em><\/h5>\n<p>[\/et_pb_text][\/et_pb_column][et_pb_column type=\u00a0\u00bb1_2&Prime; _builder_version=\u00a0\u00bb4.17.3&Prime; _module_preset=\u00a0\u00bbdefault\u00a0\u00bb global_colors_info=\u00a0\u00bb{}\u00a0\u00bb][et_pb_image src=\u00a0\u00bbhttps:\/\/associationlamancha.fr\/wp-content\/uploads\/2024\/03\/ContesMars-8.png\u00a0\u00bb title_text=\u00a0\u00bbContesMars\u00a0\u00bb _builder_version=\u00a0\u00bb4.17.3&Prime; _module_preset=\u00a0\u00bbdefault\u00a0\u00bb width=\u00a0\u00bb76%\u00a0\u00bb max_width=\u00a0\u00bb65%\u00a0\u00bb box_shadow_style=\u00a0\u00bbpreset4&Prime; global_colors_info=\u00a0\u00bb{}\u00a0\u00bb][\/et_pb_image][\/et_pb_column][\/et_pb_row][\/et_pb_section][et_pb_section fb_built=\u00a0\u00bb1&Prime; admin_label=\u00a0\u00bbsection\u00a0\u00bb _builder_version=\u00a0\u00bb4.16&Prime; global_colors_info=\u00a0\u00bb{}\u00a0\u00bb][et_pb_row column_structure=\u00a0\u00bb1_2,1_2&Prime; admin_label=\u00a0\u00bbrow\u00a0\u00bb _builder_version=\u00a0\u00bb4.17.3&Prime; background_size=\u00a0\u00bbinitial\u00a0\u00bb background_position=\u00a0\u00bbtop_left\u00a0\u00bb background_repeat=\u00a0\u00bbrepeat\u00a0\u00bb width=\u00a0\u00bb81%\u00a0\u00bb custom_margin=\u00a0\u00bb-150px|auto|0px|auto|false|false\u00a0\u00bb hover_enabled=\u00a0\u00bb0&Prime; border_width_all=\u00a0\u00bb3px\u00a0\u00bb border_color_all=\u00a0\u00bb#000000&Prime; global_colors_info=\u00a0\u00bb{}\u00a0\u00bb sticky_enabled=\u00a0\u00bb0&Prime;][et_pb_column type=\u00a0\u00bb1_2&Prime; _builder_version=\u00a0\u00bb4.16&Prime; custom_padding=\u00a0\u00bb|||\u00a0\u00bb global_colors_info=\u00a0\u00bb{}\u00a0\u00bb custom_padding__hover=\u00a0\u00bb|||\u00a0\u00bb][et_pb_text _builder_version=\u00a0\u00bb4.17.3&Prime; _module_preset=\u00a0\u00bbdefault\u00a0\u00bb custom_padding=\u00a0\u00bb60px|||20px|false|false\u00a0\u00bb hover_enabled=\u00a0\u00bb0&Prime; global_colors_info=\u00a0\u00bb{}\u00a0\u00bb sticky_enabled=\u00a0\u00bb0&Prime;]<\/p>\n<p style=\"text-align: right;\">En mars 2024<\/p>\n<p style=\"text-align: right;\"><strong>CONTES D&rsquo;ESPAGNE ET D&rsquo;AMERIQUE<\/strong> avec le conteur Gilles Groult, membre Mancha<\/p>\n<p style=\"text-align: right;\">pour enfants \u00e0 partir de 6 ans<\/p>\n<p style=\"text-align: right;\">\u00e0 la <strong>Biblioth\u00e8que Boris Vian<\/strong> \u00e0 Tourlaville<\/p>\n<p style=\"text-align: right;\">Surveillez cette page pour obtenir la date !<\/p>\n<p>[\/et_pb_text][\/et_pb_column][et_pb_column type=\u00a0\u00bb1_2&Prime; _builder_version=\u00a0\u00bb4.17.3&Prime; _module_preset=\u00a0\u00bbdefault\u00a0\u00bb global_colors_info=\u00a0\u00bb{}\u00a0\u00bb][et_pb_image src=\u00a0\u00bbhttps:\/\/associationlamancha.fr\/wp-content\/uploads\/2024\/02\/Screenshot-2024-02-16-11.18.44.png\u00a0\u00bb title_text=\u00a0\u00bbScreenshot 2024-02-16 11.18.44&Prime; _builder_version=\u00a0\u00bb4.17.3&Prime; _module_preset=\u00a0\u00bbdefault\u00a0\u00bb width=\u00a0\u00bb54%\u00a0\u00bb max_width=\u00a0\u00bb53%\u00a0\u00bb box_shadow_style=\u00a0\u00bbpreset4&Prime; global_colors_info=\u00a0\u00bb{}\u00a0\u00bb][\/et_pb_image][\/et_pb_column][\/et_pb_row][\/et_pb_section]<\/p>\n","protected":false},"excerpt":{"rendered":"<p>Voil\u00e0, venez nombreux avec vos enfants pour les CONTES D&rsquo;ESPAGNE ET D&rsquo;AMERIQUE avec le conteur Gilles Groult, membre Mancha \u00e0 la Biblioth\u00e8que Boris Vian \u00e0 Tourlaville (370 r\u00e9sidence des Colverts) [&hellip;]<\/p>\n","protected":false},"author":1,"featured_media":0,"parent":0,"menu_order":0,"comment_status":"closed","ping_status":"closed","template":"page-template-blank.php","meta":{"_et_pb_use_builder":"on","_et_pb_old_content":"","_et_gb_content_width":"","_uag_custom_page_level_css":"","_price":"","_stock":"","_tribe_ticket_header":"","_tribe_default_ticket_provider":"","_tribe_ticket_capacity":"0","_ticket_start_date":"","_ticket_end_date":"","_tribe_ticket_show_description":"","_tribe_ticket_show_not_going":false,"_tribe_ticket_use_global_stock":"","_tribe_ticket_global_stock_level":"","_global_stock_mode":"","_global_stock_cap":"","_tribe_rsvp_for_event":"","_tribe_ticket_going_count":"","_tribe_ticket_not_going_count":"","_tribe_tickets_list":"[]","_tribe_ticket_has_attendee_info_fields":false,"footnotes":"","_tec_slr_enabled":"","_tec_slr_layout":""},"class_list":["post-57","page","type-page","status-publish","hentry"],"uagb_featured_image_src":{"full":false,"thumbnail":false,"medium":false,"medium_large":false,"large":false,"1536x1536":false,"2048x2048":false,"bloom_image":false,"et-pb-post-main-image":false,"et-pb-post-main-image-fullwidth":false,"et-pb-portfolio-image":false,"et-pb-portfolio-module-image":false,"et-pb-portfolio-image-single":false,"et-pb-gallery-module-image-portrait":false,"et-pb-post-main-image-fullwidth-large":false,"et-pb-image--responsive--desktop":false,"et-pb-image--responsive--tablet":false,"et-pb-image--responsive--phone":false},"uagb_author_info":{"display_name":"admin4162","author_link":"https:\/\/associationlamancha.fr"},"uagb_comment_info":0,"uagb_excerpt":"Voil\u00e0, venez nombreux avec vos enfants pour les CONTES D'ESPAGNE ET D'AMERIQUE avec le conteur Gilles Groult, membre Mancha \u00e0 la Biblioth\u00e8que Boris Vian \u00e0 Tourlaville (370 r\u00e9sidence des Colverts) [&hellip;]","ticketed":false,"_links":{"self":[{"href":"https:\/\/associationlamancha.fr\/index.php\/wp-json\/wp\/v2\/pages\/57","targetHints":{"allow":["GET"]}}],"collection":[{"href":"https:\/\/associationlamancha.fr\/index.php\/wp-json\/wp\/v2\/pages"}],"about":[{"href":"https:\/\/associationlamancha.fr\/index.php\/wp-json\/wp\/v2\/types\/page"}],"author":[{"embeddable":true,"href":"https:\/\/associationlamancha.fr\/index.php\/wp-json\/wp\/v2\/users\/1"}],"replies":[{"embeddable":true,"href":"https:\/\/associationlamancha.fr\/index.php\/wp-json\/wp\/v2\/comments?post=57"}],"version-history":[{"count":10,"href":"https:\/\/associationlamancha.fr\/index.php\/wp-json\/wp\/v2\/pages\/57\/revisions"}],"predecessor-version":[{"id":1653319,"href":"https:\/\/associationlamancha.fr\/index.php\/wp-json\/wp\/v2\/pages\/57\/revisions\/1653319"}],"wp:attachment":[{"href":"https:\/\/associationlamancha.fr\/index.php\/wp-json\/wp\/v2\/media?parent=57"}],"curies":[{"name":"wp","href":"https:\/\/api.w.org\/{rel}","templated":true}]}}